{"id":2003,"date":"2025-11-24T07:04:33","date_gmt":"2025-11-24T05:04:33","guid":{"rendered":"https:\/\/budapest.krisna.hu\/?post_type=product&#038;p=2003"},"modified":"2026-02-09T15:29:38","modified_gmt":"2026-02-09T13:29:38","slug":"vaisnavanaptar2026","status":"publish","type":"product","link":"https:\/\/budapest.krisna.hu\/en\/product\/vaisnavanaptar2026\/","title":{"rendered":"Vai\u1e63\u1e47ava Napt\u00e1r 2026"},"content":{"rendered":"","protected":false},"excerpt":{"rendered":"<p>\u00d6r\u00f6mmel \u00e9rtes\u00edt\u00fcnk Benneteket, hogy m\u00e1r elk\u00e9sz\u00fclt \u00e9s meg is v\u00e1s\u00e1rolhat\u00f3 a Krisna-h\u00edv\u0151k \u00e1ltal kiadott vai\u1e63\u1e47ava kalend\u00e1rium, amely tartalmazza az ek\u0101das\u012b k, a vai\u1e63\u1e47ava\u00a0<i>\u00fcnnepek\u00a0<\/i>\u00e9s a legfontosabb<i>\u00a0turisztikai rendezv\u00e9nyek\u00a0<\/i>id\u0151pontjait is. Term\u00e9szetesen most sem maradhattak ki a v\u00e9dikus szent\u00edr\u00e1sokb\u00f3l\u00a0sz\u00e1rmaz\u00f3 id\u00e9zetek, b\u00f6lcsess\u00e9gek.<\/p>","protected":false},"featured_media":2002,"comment_status":"open","ping_status":"closed","template":"","meta":[],"product_brand":[],"product_cat":[67],"product_tag":[],"class_list":{"0":"post-2003","1":"product","2":"type-product","3":"status-publish","4":"has-post-thumbnail","6":"product_cat-naptar","8":"first","9":"outofstock","10":"shipping-taxable","11":"purchasable","12":"product-type-simple"},"yoast_head":"<!-- This site is optimized with the Yoast SEO Premium plugin v27.4 (Yoast SEO v27.4) - https:\/\/yoast.com\/product\/yoast-seo-premium-wordpress\/ -->\n<title>Vai\u1e63\u1e47ava Napt\u00e1r 2026 - Budapesti Har\u00e9 Krisna Templom \u00e9s Oktat\u00e1si K\u00f6zpont<\/title>\n<meta name=\"robots\" content=\"index, follow, max-snippet:-1, max-image-preview:large, max-video-preview:-1\" \/>\n<link rel=\"canonical\" href=\"https:\/\/budapest.krisna.hu\/en\/product\/vaisnavanaptar2026\/\" \/>\n<meta property=\"og:locale\" content=\"en_GB\" \/>\n<meta property=\"og:type\" content=\"article\" \/>\n<meta property=\"og:title\" content=\"Vai\u1e63\u1e47ava Napt\u00e1r 2026\" \/>\n<meta property=\"og:description\" content=\"\u00d6r\u00f6mmel \u00e9rtes\u00edt\u00fcnk Benneteket, hogy m\u00e1r elk\u00e9sz\u00fclt \u00e9s meg is v\u00e1s\u00e1rolhat\u00f3 a Krisna-h\u00edv\u0151k \u00e1ltal kiadott vai\u1e63\u1e47ava kalend\u00e1rium, amely tartalmazza az ek\u0101das\u012b k, a vai\u1e63\u1e47ava\u00a0\u00fcnnepek\u00a0\u00e9s a legfontosabb\u00a0turisztikai rendezv\u00e9nyek\u00a0id\u0151pontjait is. Term\u00e9szetesen most sem maradhattak ki a v\u00e9dikus szent\u00edr\u00e1sokb\u00f3l\u00a0sz\u00e1rmaz\u00f3 id\u00e9zetek, b\u00f6lcsess\u00e9gek.\" \/>\n<meta property=\"og:url\" content=\"https:\/\/budapest.krisna.hu\/en\/product\/vaisnavanaptar2026\/\" \/>\n<meta property=\"og:site_name\" content=\"Budapesti Har\u00e9 Krisna Templom \u00e9s Oktat\u00e1si K\u00f6zpont\" \/>\n<meta property=\"article:modified_time\" content=\"2026-02-09T13:29:38+00:00\" \/>\n<meta property=\"og:image\" content=\"https:\/\/budapest.krisna.hu\/wp-content\/uploads\/2025\/11\/Vaisnava-naptar-borito_2026.webp\" \/>\n\t<meta property=\"og:image:width\" content=\"1169\" \/>\n\t<meta property=\"og:image:height\" content=\"826\" \/>\n\t<meta property=\"og:image:type\" content=\"image\/webp\" \/>\n<meta name=\"twitter:card\" content=\"summary_large_image\" \/>\n<meta name=\"twitter:label1\" content=\"Price\" \/>\n\t<meta name=\"twitter:data1\" content=\"1.490&nbsp;&#070;&#116;\" \/>\n\t<meta name=\"twitter:label2\" content=\"Availability\" \/>\n\t<meta name=\"twitter:data2\" content=\"Out of stock\" \/>\n<script type=\"application\/ld+json\" class=\"yoast-schema-graph\">{\"@context\":\"https:\\\/\\\/schema.org\",\"@graph\":[{\"@type\":\"WebPage\",\"@id\":\"https:\\\/\\\/budapest.krisna.hu\\\/termek\\\/vaisnavanaptar2026\\\/\",\"url\":\"https:\\\/\\\/budapest.krisna.hu\\\/termek\\\/vaisnavanaptar2026\\\/\",\"name\":\"Vai\u1e63\u1e47ava Napt\u00e1r 2026 - Budapesti Har\u00e9 Krisna Templom \u00e9s Oktat\u00e1si K\u00f6zpont\",\"isPartOf\":{\"@id\":\"https:\\\/\\\/budapest.krisna.hu\\\/#website\"},\"primaryImageOfPage\":{\"@id\":\"https:\\\/\\\/budapest.krisna.hu\\\/termek\\\/vaisnavanaptar2026\\\/#primaryimage\"},\"image\":{\"@id\":\"https:\\\/\\\/budapest.krisna.hu\\\/termek\\\/vaisnavanaptar2026\\\/#primaryimage\"},\"thumbnailUrl\":\"https:\\\/\\\/budapest.krisna.hu\\\/wp-content\\\/uploads\\\/2025\\\/11\\\/Vaisnava-naptar-borito_2026.webp\",\"datePublished\":\"2025-11-24T05:04:33+00:00\",\"dateModified\":\"2026-02-09T13:29:38+00:00\",\"breadcrumb\":{\"@id\":\"https:\\\/\\\/budapest.krisna.hu\\\/termek\\\/vaisnavanaptar2026\\\/#breadcrumb\"},\"inLanguage\":\"en-GB\",\"potentialAction\":[{\"@type\":\"ReadAction\",\"target\":[\"https:\\\/\\\/budapest.krisna.hu\\\/termek\\\/vaisnavanaptar2026\\\/\"]}]},{\"@type\":\"ImageObject\",\"inLanguage\":\"en-GB\",\"@id\":\"https:\\\/\\\/budapest.krisna.hu\\\/termek\\\/vaisnavanaptar2026\\\/#primaryimage\",\"url\":\"https:\\\/\\\/budapest.krisna.hu\\\/wp-content\\\/uploads\\\/2025\\\/11\\\/Vaisnava-naptar-borito_2026.webp\",\"contentUrl\":\"https:\\\/\\\/budapest.krisna.hu\\\/wp-content\\\/uploads\\\/2025\\\/11\\\/Vaisnava-naptar-borito_2026.webp\",\"width\":1169,\"height\":826},{\"@type\":\"BreadcrumbList\",\"@id\":\"https:\\\/\\\/budapest.krisna.hu\\\/termek\\\/vaisnavanaptar2026\\\/#breadcrumb\",\"itemListElement\":[{\"@type\":\"ListItem\",\"position\":1,\"name\":\"Kezd\u0151lap\",\"item\":\"https:\\\/\\\/budapest.krisna.hu\\\/\"},{\"@type\":\"ListItem\",\"position\":2,\"name\":\"Shop\",\"item\":\"https:\\\/\\\/budapest.krisna.hu\\\/uzlet\\\/\"},{\"@type\":\"ListItem\",\"position\":3,\"name\":\"Vai\u1e63\u1e47ava Napt\u00e1r 2026\"}]},{\"@type\":\"WebSite\",\"@id\":\"https:\\\/\\\/budapest.krisna.hu\\\/#website\",\"url\":\"https:\\\/\\\/budapest.krisna.hu\\\/\",\"name\":\"Budapesti Har\u00e9 Krisna Templom \u00e9s Oktat\u00e1si K\u00f6zpont\",\"description\":\"Szeretettel v\u00e1runk kultur\u00e1lis programjainkra, veg\u00e1n \u00e9tterm\u00fcnkbe vagy csak egy k\u00f6rvezez\u00e9sre gy\u00f6ny\u00f6r\u0171 \u00e9p\u00fclet\u00fcnkben!\",\"publisher\":{\"@id\":\"https:\\\/\\\/budapest.krisna.hu\\\/#organization\"},\"potentialAction\":[{\"@type\":\"SearchAction\",\"target\":{\"@type\":\"EntryPoint\",\"urlTemplate\":\"https:\\\/\\\/budapest.krisna.hu\\\/?s={search_term_string}\"},\"query-input\":{\"@type\":\"PropertyValueSpecification\",\"valueRequired\":true,\"valueName\":\"search_term_string\"}}],\"inLanguage\":\"en-GB\"},{\"@type\":\"Organization\",\"@id\":\"https:\\\/\\\/budapest.krisna.hu\\\/#organization\",\"name\":\"Budapesti Har\u00e9 Krisna Templom \u00e9s Oktat\u00e1si K\u00f6zpont\",\"url\":\"https:\\\/\\\/budapest.krisna.hu\\\/\",\"logo\":{\"@type\":\"ImageObject\",\"inLanguage\":\"en-GB\",\"@id\":\"https:\\\/\\\/budapest.krisna.hu\\\/#\\\/schema\\\/logo\\\/image\\\/\",\"url\":\"https:\\\/\\\/budapest.krisna.hu\\\/wp-content\\\/uploads\\\/2025\\\/09\\\/cropped-cropped-cropped-mkthk-logo-300.png\",\"contentUrl\":\"https:\\\/\\\/budapest.krisna.hu\\\/wp-content\\\/uploads\\\/2025\\\/09\\\/cropped-cropped-cropped-mkthk-logo-300.png\",\"width\":512,\"height\":512,\"caption\":\"Budapesti Har\u00e9 Krisna Templom \u00e9s Oktat\u00e1si K\u00f6zpont\"},\"image\":{\"@id\":\"https:\\\/\\\/budapest.krisna.hu\\\/#\\\/schema\\\/logo\\\/image\\\/\"}}]}<\/script>\n<meta property=\"product:price:amount\" content=\"1490\" \/>\n<meta property=\"product:price:currency\" content=\"HUF\" \/>\n<meta property=\"og:availability\" content=\"out of stock\" \/>\n<meta property=\"product:availability\" content=\"out of stock\" \/>\n<meta property=\"product:condition\" content=\"new\" \/>\n<!-- \/ Yoast SEO Premium plugin. -->","yoast_head_json":{"title":"Vai\u1e63\u1e47ava Napt\u00e1r 2026 - Budapesti Har\u00e9 Krisna Templom \u00e9s Oktat\u00e1si K\u00f6zpont","robots":{"index":"index","follow":"follow","max-snippet":"max-snippet:-1","max-image-preview":"max-image-preview:large","max-video-preview":"max-video-preview:-1"},"canonical":"https:\/\/budapest.krisna.hu\/en\/product\/vaisnavanaptar2026\/","og_locale":"en_GB","og_type":"article","og_title":"Vai\u1e63\u1e47ava Napt\u00e1r 2026","og_description":"\u00d6r\u00f6mmel \u00e9rtes\u00edt\u00fcnk Benneteket, hogy m\u00e1r elk\u00e9sz\u00fclt \u00e9s meg is v\u00e1s\u00e1rolhat\u00f3 a Krisna-h\u00edv\u0151k \u00e1ltal kiadott vai\u1e63\u1e47ava kalend\u00e1rium, amely tartalmazza az ek\u0101das\u012b k, a vai\u1e63\u1e47ava\u00a0\u00fcnnepek\u00a0\u00e9s a legfontosabb\u00a0turisztikai rendezv\u00e9nyek\u00a0id\u0151pontjait is. Term\u00e9szetesen most sem maradhattak ki a v\u00e9dikus szent\u00edr\u00e1sokb\u00f3l\u00a0sz\u00e1rmaz\u00f3 id\u00e9zetek, b\u00f6lcsess\u00e9gek.","og_url":"https:\/\/budapest.krisna.hu\/en\/product\/vaisnavanaptar2026\/","og_site_name":"Budapesti Har\u00e9 Krisna Templom \u00e9s Oktat\u00e1si K\u00f6zpont","article_modified_time":"2026-02-09T13:29:38+00:00","og_image":[{"width":1169,"height":826,"url":"https:\/\/budapest.krisna.hu\/wp-content\/uploads\/2025\/11\/Vaisnava-naptar-borito_2026.webp","type":"image\/webp"}],"twitter_card":"summary_large_image","twitter_misc":{"Price":"1.490&nbsp;&#70;&#116;","Availability":"Out of stock"},"schema":{"@context":"https:\/\/schema.org","@graph":[{"@type":"WebPage","@id":"https:\/\/budapest.krisna.hu\/termek\/vaisnavanaptar2026\/","url":"https:\/\/budapest.krisna.hu\/termek\/vaisnavanaptar2026\/","name":"Vai\u1e63\u1e47ava Napt\u00e1r 2026 - Budapesti Har\u00e9 Krisna Templom \u00e9s Oktat\u00e1si K\u00f6zpont","isPartOf":{"@id":"https:\/\/budapest.krisna.hu\/#website"},"primaryImageOfPage":{"@id":"https:\/\/budapest.krisna.hu\/termek\/vaisnavanaptar2026\/#primaryimage"},"image":{"@id":"https:\/\/budapest.krisna.hu\/termek\/vaisnavanaptar2026\/#primaryimage"},"thumbnailUrl":"https:\/\/budapest.krisna.hu\/wp-content\/uploads\/2025\/11\/Vaisnava-naptar-borito_2026.webp","datePublished":"2025-11-24T05:04:33+00:00","dateModified":"2026-02-09T13:29:38+00:00","breadcrumb":{"@id":"https:\/\/budapest.krisna.hu\/termek\/vaisnavanaptar2026\/#breadcrumb"},"inLanguage":"en-GB","potentialAction":[{"@type":"ReadAction","target":["https:\/\/budapest.krisna.hu\/termek\/vaisnavanaptar2026\/"]}]},{"@type":"ImageObject","inLanguage":"en-GB","@id":"https:\/\/budapest.krisna.hu\/termek\/vaisnavanaptar2026\/#primaryimage","url":"https:\/\/budapest.krisna.hu\/wp-content\/uploads\/2025\/11\/Vaisnava-naptar-borito_2026.webp","contentUrl":"https:\/\/budapest.krisna.hu\/wp-content\/uploads\/2025\/11\/Vaisnava-naptar-borito_2026.webp","width":1169,"height":826},{"@type":"BreadcrumbList","@id":"https:\/\/budapest.krisna.hu\/termek\/vaisnavanaptar2026\/#breadcrumb","itemListElement":[{"@type":"ListItem","position":1,"name":"Kezd\u0151lap","item":"https:\/\/budapest.krisna.hu\/"},{"@type":"ListItem","position":2,"name":"Shop","item":"https:\/\/budapest.krisna.hu\/uzlet\/"},{"@type":"ListItem","position":3,"name":"Vai\u1e63\u1e47ava Napt\u00e1r 2026"}]},{"@type":"WebSite","@id":"https:\/\/budapest.krisna.hu\/#website","url":"https:\/\/budapest.krisna.hu\/","name":"Budapest Hare Krishna Temple and Educational Center","description":"Szeretettel v\u00e1runk kultur\u00e1lis programjainkra, veg\u00e1n \u00e9tterm\u00fcnkbe vagy csak egy k\u00f6rvezez\u00e9sre gy\u00f6ny\u00f6r\u0171 \u00e9p\u00fclet\u00fcnkben!","publisher":{"@id":"https:\/\/budapest.krisna.hu\/#organization"},"potentialAction":[{"@type":"SearchAction","target":{"@type":"EntryPoint","urlTemplate":"https:\/\/budapest.krisna.hu\/?s={search_term_string}"},"query-input":{"@type":"PropertyValueSpecification","valueRequired":true,"valueName":"search_term_string"}}],"inLanguage":"en-GB"},{"@type":"Organization","@id":"https:\/\/budapest.krisna.hu\/#organization","name":"Budapest Hare Krishna Temple and Educational Center","url":"https:\/\/budapest.krisna.hu\/","logo":{"@type":"ImageObject","inLanguage":"en-GB","@id":"https:\/\/budapest.krisna.hu\/#\/schema\/logo\/image\/","url":"https:\/\/budapest.krisna.hu\/wp-content\/uploads\/2025\/09\/cropped-cropped-cropped-mkthk-logo-300.png","contentUrl":"https:\/\/budapest.krisna.hu\/wp-content\/uploads\/2025\/09\/cropped-cropped-cropped-mkthk-logo-300.png","width":512,"height":512,"caption":"Budapesti Har\u00e9 Krisna Templom \u00e9s Oktat\u00e1si K\u00f6zpont"},"image":{"@id":"https:\/\/budapest.krisna.hu\/#\/schema\/logo\/image\/"}}]},"product_price_amount":"1490","product_price_currency":"HUF","og_availability":"out of stock","product_availability":"out of stock","product_condition":"new"},"_links":{"self":[{"href":"https:\/\/budapest.krisna.hu\/en\/wp-json\/wp\/v2\/product\/2003","targetHints":{"allow":["GET"]}}],"collection":[{"href":"https:\/\/budapest.krisna.hu\/en\/wp-json\/wp\/v2\/product"}],"about":[{"href":"https:\/\/budapest.krisna.hu\/en\/wp-json\/wp\/v2\/types\/product"}],"replies":[{"embeddable":true,"href":"https:\/\/budapest.krisna.hu\/en\/wp-json\/wp\/v2\/comments?post=2003"}],"wp:featuredmedia":[{"embeddable":true,"href":"https:\/\/budapest.krisna.hu\/en\/wp-json\/wp\/v2\/media\/2002"}],"wp:attachment":[{"href":"https:\/\/budapest.krisna.hu\/en\/wp-json\/wp\/v2\/media?parent=2003"}],"wp:term":[{"taxonomy":"product_brand","embeddable":true,"href":"https:\/\/budapest.krisna.hu\/en\/wp-json\/wp\/v2\/product_brand?post=2003"},{"taxonomy":"product_cat","embeddable":true,"href":"https:\/\/budapest.krisna.hu\/en\/wp-json\/wp\/v2\/product_cat?post=2003"},{"taxonomy":"product_tag","embeddable":true,"href":"https:\/\/budapest.krisna.hu\/en\/wp-json\/wp\/v2\/product_tag?post=2003"}],"curies":[{"name":"wp","href":"https:\/\/api.w.org\/{rel}","templated":true}]}}