{"id":2169,"date":"2026-01-20T12:58:35","date_gmt":"2026-01-20T10:58:35","guid":{"rendered":"https:\/\/budapest.krisna.hu\/?page_id=2169"},"modified":"2026-02-02T06:50:37","modified_gmt":"2026-02-02T04:50:37","slug":"nityanandafesztival20260208","status":"publish","type":"page","link":"https:\/\/budapest.krisna.hu\/en\/nityanandafesztival20260208\/","title":{"rendered":"Nity\u0101nanda Trayoda\u015b\u012b Fesztiv\u00e1l &#8211; 2026.02.08."},"content":{"rendered":"<div data-elementor-type=\"wp-page\" data-elementor-id=\"2169\" class=\"elementor elementor-2169\" data-elementor-post-type=\"page\">\n\t\t\t\t<div class=\"elementor-element elementor-element-f2b77aa e-con-full e-flex e-con e-parent\" data-id=\"f2b77aa\" data-element_type=\"container\" data-e-type=\"container\">\n\t\t\t\t<div class=\"elementor-element elementor-element-4d451cd elementor--h-position-center elementor--v-position-middle elementor-arrows-position-inside elementor-pagination-position-inside elementor-widget elementor-widget-slides\" data-id=\"4d451cd\" data-element_type=\"widget\" data-e-type=\"widget\" data-settings=\"{&quot;navigation&quot;:&quot;both&quot;,&quot;autoplay&quot;:&quot;yes&quot;,&quot;pause_on_hover&quot;:&quot;yes&quot;,&quot;pause_on_interaction&quot;:&quot;yes&quot;,&quot;autoplay_speed&quot;:5000,&quot;infinite&quot;:&quot;yes&quot;,&quot;transition&quot;:&quot;slide&quot;,&quot;transition_speed&quot;:500}\" data-widget_type=\"slides.default\">\n\t\t\t\t\t\t\t\t\t\t<div class=\"elementor-slides-wrapper elementor-main-swiper swiper\" role=\"region\" aria-roledescription=\"carousel\" aria-label=\"Di\u00e1k\" dir=\"ltr\" data-animation=\"fadeInUp\">\n\t\t\t\t<div class=\"swiper-wrapper elementor-slides\">\n\t\t\t\t\t\t\t\t\t\t<div class=\"elementor-repeater-item-5f7cea6 swiper-slide\" role=\"group\" aria-roledescription=\"slide\"><div class=\"swiper-slide-bg\" role=\"img\" aria-label=\"szent-nev-feszt\"><\/div><div class=\"elementor-background-overlay\"><\/div><div class=\"swiper-slide-inner\" ><div class=\"swiper-slide-contents\"><\/div><\/div><\/div>\t\t\t\t<\/div>\n\t\t\t\t\t\t\t<\/div>\n\t\t\t\t\t\t\t\t<\/div>\n\t\t\t\t<\/div>\n\t\t<div class=\"elementor-element elementor-element-dfb1986 e-flex e-con-boxed e-con e-parent\" data-id=\"dfb1986\" data-element_type=\"container\" data-e-type=\"container\">\n\t\t\t\t\t<div class=\"e-con-inner\">\n\t\t<div class=\"elementor-element elementor-element-7330635 e-con-full e-flex e-con e-child\" data-id=\"7330635\" data-element_type=\"container\" data-e-type=\"container\">\n\t\t\t\t<div class=\"elementor-element elementor-element-44a1145 elementor-widget elementor-widget-heading\" data-id=\"44a1145\" data-element_type=\"widget\" data-e-type=\"widget\" data-widget_type=\"heading.default\">\n\t\t\t\t\t<h2 class=\"elementor-heading-title elementor-size-default\">Kedves Bhakt\u00e1k!<\/h2>\t\t\t\t<\/div>\n\t\t\t\t<div class=\"elementor-element elementor-element-19199d1 elementor-widget elementor-widget-text-editor\" data-id=\"19199d1\" data-element_type=\"widget\" data-e-type=\"widget\" data-widget_type=\"text-editor.default\">\n\t\t\t\t\t\t\t\t\t<p>Szeretettel v\u00e1runk Benneteket a k\u00f6vetkez\u0151 fesztiv\u00e1lra febru\u00e1r 8-\u00e1n!<\/p><p>K\u00e9rj\u00fck,<strong> febru\u00e1r 1-j<\/strong><strong>e, vas\u00e1rnap \u00e9jf\u00e9lig regisztr\u00e1lj\u00e1tok magatokat a fesztiv\u00e1lra<\/strong> <span style=\"text-decoration: underline;\">(minden szem\u00e9lyt k\u00fcl\u00f6n sz\u00fcks\u00e9ges regisztr\u00e1lni)<\/span>.<\/p><p>K\u00e9rj\u00fck tov\u00e1bb\u00e1, hogy lehet\u0151s\u00e9geitek szerint v\u00e1lasszatok az al\u00e1bbi szolg\u00e1lati ter\u00fcletek \u00e9s adom\u00e1nyoz\u00e1si m\u00f3dok k\u00f6z\u00fcl.<\/p><p><strong>Ha b\u00e1rmilyen probl\u00e9m\u00e1t tapasztaltok a regisztr\u00e1ci\u00f3s folyamat sor\u00e1n, k\u00e9rj\u00fck \u00edrjatok nek\u00fcnk egy e-mailt err\u0151l a bp.templom@krisna.hu c\u00edmre.<\/strong><\/p>\t\t\t\t\t\t\t\t<\/div>\n\t\t\t\t<div class=\"elementor-element elementor-element-ddd3d00 elementor-align-center elementor-mobile-align-justify elementor-widget elementor-widget-button\" data-id=\"ddd3d00\" data-element_type=\"widget\" data-e-type=\"widget\" data-widget_type=\"button.default\">\n\t\t\t\t\t\t\t\t\t\t<a class=\"elementor-button elementor-button-link elementor-size-sm\" href=\"#reg\">\n\t\t\t\t\t\t<span class=\"elementor-button-content-wrapper\">\n\t\t\t\t\t\t\t\t\t<span class=\"elementor-button-text\">Regisztr\u00e1lok<\/span>\n\t\t\t\t\t<\/span>\n\t\t\t\t\t<\/a>\n\t\t\t\t\t\t\t\t<\/div>\n\t\t\t\t<div class=\"elementor-element elementor-element-7301450 elementor-widget elementor-widget-heading\" data-id=\"7301450\" data-element_type=\"widget\" data-e-type=\"widget\" data-widget_type=\"heading.default\">\n\t\t\t\t\t<h3 class=\"elementor-heading-title elementor-size-default\">M\u00e9g ennyi ideig tudsz regisztr\u00e1lni:<\/h3>\t\t\t\t<\/div>\n\t\t\t\t<div class=\"elementor-element elementor-element-11ebb43 elementor-countdown--label-block elementor-widget elementor-widget-countdown\" data-id=\"11ebb43\" data-element_type=\"widget\" data-e-type=\"widget\" data-widget_type=\"countdown.default\">\n\t\t\t\t\t\t\t<div class=\"elementor-countdown-wrapper\" data-date=\"1769983140\">\n\t\t\t<div class=\"elementor-countdown-item\"><span class=\"elementor-countdown-digits elementor-countdown-days\"><\/span> <span class=\"elementor-countdown-label\">nap<\/span><\/div><div class=\"elementor-countdown-item\"><span class=\"elementor-countdown-digits elementor-countdown-hours\"><\/span> <span class=\"elementor-countdown-label\">\u00f3ra<\/span><\/div><div class=\"elementor-countdown-item\"><span class=\"elementor-countdown-digits elementor-countdown-minutes\"><\/span> <span class=\"elementor-countdown-label\">perc<\/span><\/div><div class=\"elementor-countdown-item\"><span class=\"elementor-countdown-digits elementor-countdown-seconds\"><\/span> <span class=\"elementor-countdown-label\">m\u00e1sodperc<\/span><\/div>\t\t<\/div>\n\t\t\t\t\t\t<\/div>\n\t\t\t\t<\/div>\n\t\t<div class=\"elementor-element elementor-element-3144573 e-con-full e-flex e-con e-child\" data-id=\"3144573\" data-element_type=\"container\" data-e-type=\"container\">\n\t\t\t\t<div class=\"elementor-element elementor-element-497bc3b elementor-widget elementor-widget-image\" data-id=\"497bc3b\" data-element_type=\"widget\" data-e-type=\"widget\" data-widget_type=\"image.default\">\n\t\t\t\t\t\t\t\t\t\t\t\t\t\t\t<img fetchpriority=\"high\" decoding=\"async\" width=\"799\" height=\"533\" src=\"https:\/\/budapest.krisna.hu\/wp-content\/uploads\/2026\/01\/Nity-26.02-1.jpg\" class=\"attachment-large size-large wp-image-2195\" alt=\"\" srcset=\"https:\/\/budapest.krisna.hu\/wp-content\/uploads\/2026\/01\/Nity-26.02-1.jpg 799w, https:\/\/budapest.krisna.hu\/wp-content\/uploads\/2026\/01\/Nity-26.02-1-300x200.jpg 300w, https:\/\/budapest.krisna.hu\/wp-content\/uploads\/2026\/01\/Nity-26.02-1-768x512.jpg 768w, https:\/\/budapest.krisna.hu\/wp-content\/uploads\/2026\/01\/Nity-26.02-1-391x260.jpg 391w, https:\/\/budapest.krisna.hu\/wp-content\/uploads\/2026\/01\/Nity-26.02-1-18x12.jpg 18w, https:\/\/budapest.krisna.hu\/wp-content\/uploads\/2026\/01\/Nity-26.02-1-600x400.jpg 600w\" sizes=\"(max-width: 799px) 100vw, 799px\" \/>\t\t\t\t\t\t\t\t\t\t\t\t\t\t\t<\/div>\n\t\t\t\t<\/div>\n\t\t\t\t\t<\/div>\n\t\t\t\t<\/div>\n\t\t<div class=\"elementor-element elementor-element-577f59d elementor-hidden-desktop elementor-hidden-tablet elementor-hidden-mobile e-flex e-con-boxed e-con e-parent\" data-id=\"577f59d\" data-element_type=\"container\" data-e-type=\"container\">\n\t\t\t\t\t<div class=\"e-con-inner\">\n\t\t\t\t<div class=\"elementor-element elementor-element-7dc0600 uael-gf-check-yes uael-gf-ajax-true uael-gf-style-box uael-gf-input-size-sm uael-gf-enable-classes-no uael-gf-check-default-no uael-gf-button-left uael-gf-btn-size-sm elementor-widget elementor-widget-uael-gf-styler\" data-id=\"7dc0600\" data-element_type=\"widget\" data-e-type=\"widget\" id=\"reg\" data-widget_type=\"uael-gf-styler.default\">\n\t\t\t\t<div class=\"elementor-widget-container\">\n\t\t\t\t\t<div class=\"uael-gf-style uael-gf-check-style elementor-clickable\">\n\t\t<h3 class=\"uael-gf-form-title\">Nityananda Trayodasi fesztiv\u00e1l - 2026.02.08.<\/h3>\n\t\t\n<\/div>\n\t\t\t\t<\/div>\n\t\t\t\t<\/div>\n\t\t\t\t\t<\/div>\n\t\t\t\t<\/div>\n\t\t\t\t<\/div>","protected":false},"excerpt":{"rendered":"<p>Kedves Bhakt\u00e1k! Szeretettel v\u00e1runk Benneteket a k\u00f6vetkez\u0151 fesztiv\u00e1lra febru\u00e1r 8-\u00e1n! K\u00e9rj\u00fck, febru\u00e1r 1-je, vas\u00e1rnap \u00e9jf\u00e9lig regisztr\u00e1lj\u00e1tok magatokat a fesztiv\u00e1lra (minden szem\u00e9lyt k\u00fcl\u00f6n sz\u00fcks\u00e9ges regisztr\u00e1lni). K\u00e9rj\u00fck tov\u00e1bb\u00e1, hogy lehet\u0151s\u00e9geitek szerint v\u00e1lasszatok az al\u00e1bbi szolg\u00e1lati ter\u00fcletek \u00e9s adom\u00e1nyoz\u00e1si m\u00f3dok k\u00f6z\u00fcl. Ha b\u00e1rmilyen probl\u00e9m\u00e1t tapasztaltok a regisztr\u00e1ci\u00f3s folyamat sor\u00e1n, k\u00e9rj\u00fck \u00edrjatok nek\u00fcnk egy e-mailt err\u0151l a bp.templom@krisna.hu c\u00edmre. [&hellip;]<\/p>\n","protected":false},"author":1,"featured_media":0,"parent":0,"menu_order":0,"comment_status":"closed","ping_status":"closed","template":"elementor_header_footer","meta":{"footnotes":""},"class_list":["post-2169","page","type-page","status-publish","hentry"],"yoast_head":"<!-- This site is optimized with the Yoast SEO Premium plugin v27.4 (Yoast SEO v27.4) - https:\/\/yoast.com\/product\/yoast-seo-premium-wordpress\/ -->\n<title>Nity\u0101nanda Trayoda\u015b\u012b Fesztiv\u00e1l - 2026.02.08. - Budapesti Har\u00e9 Krisna Templom \u00e9s Oktat\u00e1si K\u00f6zpont<\/title>\n<meta name=\"robots\" content=\"index, follow, max-snippet:-1, max-image-preview:large, max-video-preview:-1\" \/>\n<link rel=\"canonical\" href=\"https:\/\/budapest.krisna.hu\/en\/nityanandafesztival20260208\/\" \/>\n<meta property=\"og:locale\" content=\"en_GB\" \/>\n<meta property=\"og:type\" content=\"article\" \/>\n<meta property=\"og:title\" content=\"Nity\u0101nanda Trayoda\u015b\u012b Fesztiv\u00e1l - 2026.02.08.\" \/>\n<meta property=\"og:description\" content=\"Kedves Bhakt\u00e1k! Szeretettel v\u00e1runk Benneteket a k\u00f6vetkez\u0151 fesztiv\u00e1lra febru\u00e1r 8-\u00e1n! K\u00e9rj\u00fck, febru\u00e1r 1-je, vas\u00e1rnap \u00e9jf\u00e9lig regisztr\u00e1lj\u00e1tok magatokat a fesztiv\u00e1lra (minden szem\u00e9lyt k\u00fcl\u00f6n sz\u00fcks\u00e9ges regisztr\u00e1lni). K\u00e9rj\u00fck tov\u00e1bb\u00e1, hogy lehet\u0151s\u00e9geitek szerint v\u00e1lasszatok az al\u00e1bbi szolg\u00e1lati ter\u00fcletek \u00e9s adom\u00e1nyoz\u00e1si m\u00f3dok k\u00f6z\u00fcl. Ha b\u00e1rmilyen probl\u00e9m\u00e1t tapasztaltok a regisztr\u00e1ci\u00f3s folyamat sor\u00e1n, k\u00e9rj\u00fck \u00edrjatok nek\u00fcnk egy e-mailt err\u0151l a bp.templom@krisna.hu c\u00edmre. [&hellip;]\" \/>\n<meta property=\"og:url\" content=\"https:\/\/budapest.krisna.hu\/en\/nityanandafesztival20260208\/\" \/>\n<meta property=\"og:site_name\" content=\"Budapesti Har\u00e9 Krisna Templom \u00e9s Oktat\u00e1si K\u00f6zpont\" \/>\n<meta property=\"article:modified_time\" content=\"2026-02-02T04:50:37+00:00\" \/>\n<meta property=\"og:image\" content=\"https:\/\/budapest.krisna.hu\/wp-content\/uploads\/2026\/01\/Nity-26.02-1.jpg\" \/>\n\t<meta property=\"og:image:width\" content=\"799\" \/>\n\t<meta property=\"og:image:height\" content=\"533\" \/>\n\t<meta property=\"og:image:type\" content=\"image\/jpeg\" \/>\n<meta name=\"twitter:card\" content=\"summary_large_image\" \/>\n<meta name=\"twitter:label1\" content=\"Estimated reading time\" \/>\n\t<meta name=\"twitter:data1\" content=\"2 minutes\" \/>\n<script type=\"application\/ld+json\" class=\"yoast-schema-graph\">{\"@context\":\"https:\\\/\\\/schema.org\",\"@graph\":[{\"@type\":\"WebPage\",\"@id\":\"https:\\\/\\\/budapest.krisna.hu\\\/nityanandafesztival20260208\\\/\",\"url\":\"https:\\\/\\\/budapest.krisna.hu\\\/nityanandafesztival20260208\\\/\",\"name\":\"Nity\u0101nanda Trayoda\u015b\u012b Fesztiv\u00e1l - 2026.02.08. - Budapesti Har\u00e9 Krisna Templom \u00e9s Oktat\u00e1si K\u00f6zpont\",\"isPartOf\":{\"@id\":\"https:\\\/\\\/budapest.krisna.hu\\\/#website\"},\"primaryImageOfPage\":{\"@id\":\"https:\\\/\\\/budapest.krisna.hu\\\/nityanandafesztival20260208\\\/#primaryimage\"},\"image\":{\"@id\":\"https:\\\/\\\/budapest.krisna.hu\\\/nityanandafesztival20260208\\\/#primaryimage\"},\"thumbnailUrl\":\"https:\\\/\\\/budapest.krisna.hu\\\/wp-content\\\/uploads\\\/2026\\\/01\\\/Nity-26.02-1.jpg\",\"datePublished\":\"2026-01-20T10:58:35+00:00\",\"dateModified\":\"2026-02-02T04:50:37+00:00\",\"breadcrumb\":{\"@id\":\"https:\\\/\\\/budapest.krisna.hu\\\/nityanandafesztival20260208\\\/#breadcrumb\"},\"inLanguage\":\"en-GB\",\"potentialAction\":[{\"@type\":\"ReadAction\",\"target\":[\"https:\\\/\\\/budapest.krisna.hu\\\/nityanandafesztival20260208\\\/\"]}]},{\"@type\":\"ImageObject\",\"inLanguage\":\"en-GB\",\"@id\":\"https:\\\/\\\/budapest.krisna.hu\\\/nityanandafesztival20260208\\\/#primaryimage\",\"url\":\"https:\\\/\\\/budapest.krisna.hu\\\/wp-content\\\/uploads\\\/2026\\\/01\\\/Nity-26.02-1.jpg\",\"contentUrl\":\"https:\\\/\\\/budapest.krisna.hu\\\/wp-content\\\/uploads\\\/2026\\\/01\\\/Nity-26.02-1.jpg\"},{\"@type\":\"BreadcrumbList\",\"@id\":\"https:\\\/\\\/budapest.krisna.hu\\\/nityanandafesztival20260208\\\/#breadcrumb\",\"itemListElement\":[{\"@type\":\"ListItem\",\"position\":1,\"name\":\"Kezd\u0151lap\",\"item\":\"https:\\\/\\\/budapest.krisna.hu\\\/\"},{\"@type\":\"ListItem\",\"position\":2,\"name\":\"Nity\u0101nanda Trayoda\u015b\u012b Fesztiv\u00e1l &#8211; 2026.02.08.\"}]},{\"@type\":\"WebSite\",\"@id\":\"https:\\\/\\\/budapest.krisna.hu\\\/#website\",\"url\":\"https:\\\/\\\/budapest.krisna.hu\\\/\",\"name\":\"Budapesti Har\u00e9 Krisna Templom \u00e9s Oktat\u00e1si K\u00f6zpont\",\"description\":\"Szeretettel v\u00e1runk kultur\u00e1lis programjainkra, veg\u00e1n \u00e9tterm\u00fcnkbe vagy csak egy k\u00f6rvezez\u00e9sre gy\u00f6ny\u00f6r\u0171 \u00e9p\u00fclet\u00fcnkben!\",\"publisher\":{\"@id\":\"https:\\\/\\\/budapest.krisna.hu\\\/#organization\"},\"potentialAction\":[{\"@type\":\"SearchAction\",\"target\":{\"@type\":\"EntryPoint\",\"urlTemplate\":\"https:\\\/\\\/budapest.krisna.hu\\\/?s={search_term_string}\"},\"query-input\":{\"@type\":\"PropertyValueSpecification\",\"valueRequired\":true,\"valueName\":\"search_term_string\"}}],\"inLanguage\":\"en-GB\"},{\"@type\":\"Organization\",\"@id\":\"https:\\\/\\\/budapest.krisna.hu\\\/#organization\",\"name\":\"Budapesti Har\u00e9 Krisna Templom \u00e9s Oktat\u00e1si K\u00f6zpont\",\"url\":\"https:\\\/\\\/budapest.krisna.hu\\\/\",\"logo\":{\"@type\":\"ImageObject\",\"inLanguage\":\"en-GB\",\"@id\":\"https:\\\/\\\/budapest.krisna.hu\\\/#\\\/schema\\\/logo\\\/image\\\/\",\"url\":\"https:\\\/\\\/budapest.krisna.hu\\\/wp-content\\\/uploads\\\/2025\\\/09\\\/cropped-cropped-cropped-mkthk-logo-300.png\",\"contentUrl\":\"https:\\\/\\\/budapest.krisna.hu\\\/wp-content\\\/uploads\\\/2025\\\/09\\\/cropped-cropped-cropped-mkthk-logo-300.png\",\"width\":512,\"height\":512,\"caption\":\"Budapesti Har\u00e9 Krisna Templom \u00e9s Oktat\u00e1si K\u00f6zpont\"},\"image\":{\"@id\":\"https:\\\/\\\/budapest.krisna.hu\\\/#\\\/schema\\\/logo\\\/image\\\/\"}}]}<\/script>\n<!-- \/ Yoast SEO Premium plugin. -->","yoast_head_json":{"title":"Nity\u0101nanda Trayoda\u015b\u012b Fesztiv\u00e1l - 2026.02.08. - Budapesti Har\u00e9 Krisna Templom \u00e9s Oktat\u00e1si K\u00f6zpont","robots":{"index":"index","follow":"follow","max-snippet":"max-snippet:-1","max-image-preview":"max-image-preview:large","max-video-preview":"max-video-preview:-1"},"canonical":"https:\/\/budapest.krisna.hu\/en\/nityanandafesztival20260208\/","og_locale":"en_GB","og_type":"article","og_title":"Nity\u0101nanda Trayoda\u015b\u012b Fesztiv\u00e1l - 2026.02.08.","og_description":"Kedves Bhakt\u00e1k! Szeretettel v\u00e1runk Benneteket a k\u00f6vetkez\u0151 fesztiv\u00e1lra febru\u00e1r 8-\u00e1n! K\u00e9rj\u00fck, febru\u00e1r 1-je, vas\u00e1rnap \u00e9jf\u00e9lig regisztr\u00e1lj\u00e1tok magatokat a fesztiv\u00e1lra (minden szem\u00e9lyt k\u00fcl\u00f6n sz\u00fcks\u00e9ges regisztr\u00e1lni). K\u00e9rj\u00fck tov\u00e1bb\u00e1, hogy lehet\u0151s\u00e9geitek szerint v\u00e1lasszatok az al\u00e1bbi szolg\u00e1lati ter\u00fcletek \u00e9s adom\u00e1nyoz\u00e1si m\u00f3dok k\u00f6z\u00fcl. Ha b\u00e1rmilyen probl\u00e9m\u00e1t tapasztaltok a regisztr\u00e1ci\u00f3s folyamat sor\u00e1n, k\u00e9rj\u00fck \u00edrjatok nek\u00fcnk egy e-mailt err\u0151l a bp.templom@krisna.hu c\u00edmre. [&hellip;]","og_url":"https:\/\/budapest.krisna.hu\/en\/nityanandafesztival20260208\/","og_site_name":"Budapesti Har\u00e9 Krisna Templom \u00e9s Oktat\u00e1si K\u00f6zpont","article_modified_time":"2026-02-02T04:50:37+00:00","og_image":[{"width":799,"height":533,"url":"https:\/\/budapest.krisna.hu\/wp-content\/uploads\/2026\/01\/Nity-26.02-1.jpg","type":"image\/jpeg"}],"twitter_card":"summary_large_image","twitter_misc":{"Estimated reading time":"2 minutes"},"schema":{"@context":"https:\/\/schema.org","@graph":[{"@type":"WebPage","@id":"https:\/\/budapest.krisna.hu\/nityanandafesztival20260208\/","url":"https:\/\/budapest.krisna.hu\/nityanandafesztival20260208\/","name":"Nity\u0101nanda Trayoda\u015b\u012b Fesztiv\u00e1l - 2026.02.08. - Budapesti Har\u00e9 Krisna Templom \u00e9s Oktat\u00e1si K\u00f6zpont","isPartOf":{"@id":"https:\/\/budapest.krisna.hu\/#website"},"primaryImageOfPage":{"@id":"https:\/\/budapest.krisna.hu\/nityanandafesztival20260208\/#primaryimage"},"image":{"@id":"https:\/\/budapest.krisna.hu\/nityanandafesztival20260208\/#primaryimage"},"thumbnailUrl":"https:\/\/budapest.krisna.hu\/wp-content\/uploads\/2026\/01\/Nity-26.02-1.jpg","datePublished":"2026-01-20T10:58:35+00:00","dateModified":"2026-02-02T04:50:37+00:00","breadcrumb":{"@id":"https:\/\/budapest.krisna.hu\/nityanandafesztival20260208\/#breadcrumb"},"inLanguage":"en-GB","potentialAction":[{"@type":"ReadAction","target":["https:\/\/budapest.krisna.hu\/nityanandafesztival20260208\/"]}]},{"@type":"ImageObject","inLanguage":"en-GB","@id":"https:\/\/budapest.krisna.hu\/nityanandafesztival20260208\/#primaryimage","url":"https:\/\/budapest.krisna.hu\/wp-content\/uploads\/2026\/01\/Nity-26.02-1.jpg","contentUrl":"https:\/\/budapest.krisna.hu\/wp-content\/uploads\/2026\/01\/Nity-26.02-1.jpg"},{"@type":"BreadcrumbList","@id":"https:\/\/budapest.krisna.hu\/nityanandafesztival20260208\/#breadcrumb","itemListElement":[{"@type":"ListItem","position":1,"name":"Kezd\u0151lap","item":"https:\/\/budapest.krisna.hu\/"},{"@type":"ListItem","position":2,"name":"Nity\u0101nanda Trayoda\u015b\u012b Fesztiv\u00e1l &#8211; 2026.02.08."}]},{"@type":"WebSite","@id":"https:\/\/budapest.krisna.hu\/#website","url":"https:\/\/budapest.krisna.hu\/","name":"Budapest Hare Krishna Temple and Educational Center","description":"Szeretettel v\u00e1runk kultur\u00e1lis programjainkra, veg\u00e1n \u00e9tterm\u00fcnkbe vagy csak egy k\u00f6rvezez\u00e9sre gy\u00f6ny\u00f6r\u0171 \u00e9p\u00fclet\u00fcnkben!","publisher":{"@id":"https:\/\/budapest.krisna.hu\/#organization"},"potentialAction":[{"@type":"SearchAction","target":{"@type":"EntryPoint","urlTemplate":"https:\/\/budapest.krisna.hu\/?s={search_term_string}"},"query-input":{"@type":"PropertyValueSpecification","valueRequired":true,"valueName":"search_term_string"}}],"inLanguage":"en-GB"},{"@type":"Organization","@id":"https:\/\/budapest.krisna.hu\/#organization","name":"Budapest Hare Krishna Temple and Educational Center","url":"https:\/\/budapest.krisna.hu\/","logo":{"@type":"ImageObject","inLanguage":"en-GB","@id":"https:\/\/budapest.krisna.hu\/#\/schema\/logo\/image\/","url":"https:\/\/budapest.krisna.hu\/wp-content\/uploads\/2025\/09\/cropped-cropped-cropped-mkthk-logo-300.png","contentUrl":"https:\/\/budapest.krisna.hu\/wp-content\/uploads\/2025\/09\/cropped-cropped-cropped-mkthk-logo-300.png","width":512,"height":512,"caption":"Budapesti Har\u00e9 Krisna Templom \u00e9s Oktat\u00e1si K\u00f6zpont"},"image":{"@id":"https:\/\/budapest.krisna.hu\/#\/schema\/logo\/image\/"}}]}},"_links":{"self":[{"href":"https:\/\/budapest.krisna.hu\/en\/wp-json\/wp\/v2\/pages\/2169","targetHints":{"allow":["GET"]}}],"collection":[{"href":"https:\/\/budapest.krisna.hu\/en\/wp-json\/wp\/v2\/pages"}],"about":[{"href":"https:\/\/budapest.krisna.hu\/en\/wp-json\/wp\/v2\/types\/page"}],"author":[{"embeddable":true,"href":"https:\/\/budapest.krisna.hu\/en\/wp-json\/wp\/v2\/users\/1"}],"replies":[{"embeddable":true,"href":"https:\/\/budapest.krisna.hu\/en\/wp-json\/wp\/v2\/comments?post=2169"}],"version-history":[{"count":31,"href":"https:\/\/budapest.krisna.hu\/en\/wp-json\/wp\/v2\/pages\/2169\/revisions"}],"predecessor-version":[{"id":2210,"href":"https:\/\/budapest.krisna.hu\/en\/wp-json\/wp\/v2\/pages\/2169\/revisions\/2210"}],"wp:attachment":[{"href":"https:\/\/budapest.krisna.hu\/en\/wp-json\/wp\/v2\/media?parent=2169"}],"curies":[{"name":"wp","href":"https:\/\/api.w.org\/{rel}","templated":true}]}}